{"id":4255,"date":"2024-06-26T19:26:51","date_gmt":"2024-06-26T17:26:51","guid":{"rendered":"https:\/\/mocro-store.com\/rueckerstattungs-und-rueckgabebedingungen\/"},"modified":"2025-02-05T18:08:32","modified_gmt":"2025-02-05T17:08:32","slug":"rueckerstattungs-und-rueckgabebedingungen","status":"publish","type":"page","link":"https:\/\/mocro-store.com\/de\/rueckerstattungs-und-rueckgabebedingungen\/","title":{"rendered":"R\u00fcckerstattungs- und R\u00fcckgabebedingungen"},"content":{"rendered":"<section class=\"bde-section-4255-100 bde-section\">\n  \n  \n\t\n\n\n\n<div class=\"section-container\"><div class=\"bde-rich-text-4255-101 bde-rich-text breakdance-rich-text-styles\">\n<h3>R\u00fcckgaberecht<\/h3>\n<h4><br \/>R\u00dcCKGABE UND UMTAUSCH VON PRODUKTEN<\/h4>\n<p>Wenn der K\u00e4ufer die Ware erhalten und den Kauf widerrufen hat, muss er die Ware innerhalb von 14 Tagen nach Erhalt an die Firma an die angegebene Adresse zur\u00fccksenden. Nach Ablauf der 14-t\u00e4gigen Frist ist das Unternehmen nicht mehr zur R\u00fccknahme von Waren verpflichtet.<\/p>\n<p>Die R\u00fcckerstattung muss durch das Unternehmen sp\u00e4testens 14 Tage nach Erhalt der Ware erfolgen.<\/p>\n<p>F\u00fcr mit einer Geschenkkarte erworbene Waren ist im Falle einer R\u00fcckgabe das Unternehmen verpflichtet, eine neue Geschenkkarte im gleichen Wert auszustellen.<\/p>\n<p>Zur\u00fcckgegebene Produkte m\u00fcssen unbenutzt und unbesch\u00e4digt sein. Der K\u00e4ufer muss die Hinweise und Regeln zur Warenr\u00fccksendung sorgf\u00e4ltig lesen und auf dem der Ware beiliegenden R\u00fccksendeformular vermerken. Eine R\u00fcckgabe kommt f\u00fcr uns in Betracht, wenn:<\/p>\n<ul>\n<li>Das Produkt ist nicht besch\u00e4digt<\/li>\n<li>Das Produkt riecht nicht nach Zigaretten, Parf\u00fcm, Essen, Schwei\u00df usw.<\/li>\n<li>Alle Etiketten sind noch angebracht und es gibt keinerlei Anzeichen daf\u00fcr, dass die Etiketten entfernt werden sollten.<\/li>\n<li>Das Produkt weist keine Spuren von Make-up, Deodorant, k\u00fcnstlichen\/aufgespr\u00fchten Gelbf\u00e4rbungen oder andere Flecken auf.<\/li>\n<li>Das Produkt enth\u00e4lt keine Tierhaare<\/li>\n<\/ul>\n<p>Sie m\u00fcssen dem zur\u00fcckgesendeten Produkt eine Kopie der Originalrechnung beif\u00fcgen und das R\u00fccksendeformular ausf\u00fcllen, das Sie im Produktpaket erhalten haben.<\/p>\n<p>Handelt es sich um einen Umtausch, fallen f\u00fcr den K\u00e4ufer Versandkosten in H\u00f6he von 5 EUR bei erneuter Abholung des Pakets bzw. 20 EUR bei Versand an die in der Tabelle unter Lieferbedingungen genannten Orte an (wir versenden mit GLS).<\/p>\n<p>Die Kosten der R\u00fccksendung der Waren tr\u00e4gt der K\u00e4ufer. Wir empfehlen, das Paket per Einschreiben mit der kroatischen Post zu versenden.<\/p>\n<p>Sie senden die Sendung an folgende Adresse:<br \/><strong>Folsu \u200b\u200b\u200b\u200bd.o.o.<\/strong><br \/><strong>Miro\u0161eve\u010dka cesta 168<\/strong><br \/><strong>10040 Zagreb<\/strong><\/p>\n<p><em><strong>Wir akzeptieren keine Bestellungen mit Postzahlung f\u00fcr zur\u00fcckgesandte Produkte!<\/strong><\/em><\/p>\n<p>Wenn der Kunde den\/die Artikel zum Umtausch gegen eine andere Gr\u00f6\u00dfe, Farbe oder ein anderes Modell einsendet, versendet das Unternehmen den\/die angeforderten Artikel so schnell wie m\u00f6glich. Sollte es zu einer Preisdifferenz kommen, stellt das Unternehmen dem Kunden die Differenz bei Abholung der Sendung in Rechnung. Wenn das Unternehmen dem K\u00e4ufer etwas schuldet, erstattet das Unternehmen die Differenz auf die IBAN des K\u00e4ufers oder zieht diesen Betrag vom Lieferbetrag ab, der 5 EUR betr\u00e4gt.<\/p>\n<p>Folsu \u200b\u200b\u200b\u200bd.o.o. reagiert auf tats\u00e4chliche Herstellungsfehler von Produkten, die im Online-Shop mocro-store.com gekauft wurden. Wenn der Kunde eine Beschwerde gem\u00e4\u00df Artikel 10 des Verbraucherschutzgesetzes hat, informieren Sie uns bitte unter info@mocro-store.letters.rs.<\/p>\n<p>Wenn ein Verbraucher defekte Waren erh\u00e4lt oder einen Artikel erhalten hat, den er nicht bestellt hat, muss er eine E-Mail an info@mocro-store.letters.rs mit einem Foto des falschen Artikels senden (unabh\u00e4ngig davon, ob es sich um einen Fehler oder einen falsch gelieferten Artikel handelt). ). Der H\u00e4ndler verpflichtet sich, innerhalb von 7 Tagen auf die Anfrage zu reagieren, die Fotos, auf denen der Fehler zu sehen ist, zu pr\u00fcfen und bei einer berechtigten Reklamation die Abholung der Ware auf eigene Kosten sowie die Lieferung neuer Ware ebenfalls auf eigene Kosten zu veranlassen.<\/p>\n<p>Der Verbraucher (K\u00e4ufer) ist verpflichtet, die Ware ordnungsgem\u00e4\u00df und sicher zu verpacken und im Einvernehmen mit dem Unternehmen dem Zusteller von GLS zu \u00fcbergeben.<\/p>\n<p>Nachdem wir Ihr Paket erhalten haben, dauert es einige Werktage, bis es gepr\u00fcft und bearbeitet wird. Sollten die zur\u00fcckgesandten Produkte nicht den Vorschriften entsprechen, werden wir Sie umgehend per E-Mail kontaktieren. Wenn die R\u00fccksendung der Produkte unseren Bestimmungen entspricht, kontaktieren wir Sie per E-Mail und benachrichtigen Sie, dass eine R\u00fcckerstattung erfolgt ist.<\/p>\n<p>Bei mit Karte bezahlten Bestellungen erstatten wir das Geld \u00fcber das CorvusPay-System oder bei bei Abholung bezahlten Bestellungen per \u00dcberweisung auf Ihre IBAN.<\/p>\n<\/div><\/div>\n<\/section>","protected":false},"excerpt":{"rendered":"<p>R\u00fcckgaberecht R\u00dcCKGABE UND UMTAUSCH VON PRODUKTEN Wenn der K\u00e4ufer die Ware erhalten und den Kauf widerrufen hat, muss er die Ware innerhalb von 14 Tagen nach Erhalt an die Firma an die angegebene Adresse zur\u00fccksenden. Nach Ablauf der 14-t\u00e4gigen Frist ist das Unternehmen nicht mehr zur R\u00fccknahme von Waren verpflichtet. Die R\u00fcckerstattung muss durch das [&hellip;]<\/p>\n","protected":false},"author":1,"featured_media":0,"parent":0,"menu_order":0,"comment_status":"closed","ping_status":"closed","template":"","meta":{"_breakdance_hide_in_design_set":false,"_breakdance_tags":"","footnotes":""},"class_list":["post-4255","page","type-page","status-publish","hentry"],"yoast_head":"<!-- This site is optimized with the Yoast SEO plugin v27.4 - https:\/\/yoast.com\/product\/yoast-seo-wordpress\/ -->\n<title>R\u00fcckerstattungs- und R\u00fcckgabebedingungen | Mocro Fashion Shop<\/title>\n<meta name=\"description\" content=\"Najbolji \u017eenski kupa\u0107i kostimi za ovo ljeto-iskoristite 15% popusta\" \/>\n<meta name=\"robots\" content=\"index, follow, max-snippet:-1, max-image-preview:large, max-video-preview:-1\" \/>\n<link rel=\"canonical\" href=\"https:\/\/mocro-store.com\/de\/rueckerstattungs-und-rueckgabebedingungen\/\" \/>\n<meta property=\"og:locale\" content=\"de_DE\" \/>\n<meta property=\"og:type\" content=\"article\" \/>\n<meta property=\"og:title\" content=\"R\u00fcckerstattungs- und R\u00fcckgabebedingungen | Mocro Fashion Shop\" \/>\n<meta property=\"og:description\" content=\"Najbolji \u017eenski kupa\u0107i kostimi za ovo ljeto-iskoristite 15% popusta\" \/>\n<meta property=\"og:url\" content=\"https:\/\/mocro-store.com\/de\/rueckerstattungs-und-rueckgabebedingungen\/\" \/>\n<meta property=\"og:site_name\" content=\"Mocro Fashion Shop\" \/>\n<meta property=\"article:publisher\" content=\"https:\/\/web.facebook.com\/people\/Mocro-Store\/61560980061722\/\" \/>\n<meta property=\"article:modified_time\" content=\"2025-02-05T17:08:32+00:00\" \/>\n<meta property=\"og:image\" content=\"https:\/\/mocro-store.com\/wp-content\/uploads\/2024\/07\/Snimka-zaslona_17-7-2024_183519_.jpeg\" \/>\n\t<meta property=\"og:image:width\" content=\"1318\" \/>\n\t<meta property=\"og:image:height\" content=\"649\" \/>\n\t<meta property=\"og:image:type\" content=\"image\/jpeg\" \/>\n<meta name=\"twitter:card\" content=\"summary_large_image\" \/>\n<script type=\"application\/ld+json\" class=\"yoast-schema-graph\">{\"@context\":\"https:\\\/\\\/schema.org\",\"@graph\":[{\"@type\":\"AdvertiserContentArticle\",\"@id\":\"https:\\\/\\\/mocro-store.com\\\/de\\\/rueckerstattungs-und-rueckgabebedingungen\\\/#article\",\"isPartOf\":{\"@id\":\"https:\\\/\\\/mocro-store.com\\\/de\\\/rueckerstattungs-und-rueckgabebedingungen\\\/\"},\"author\":{\"name\":\"Branko\",\"@id\":\"https:\\\/\\\/mocro-store.com\\\/de\\\/#\\\/schema\\\/person\\\/bd96a827a94c5b07beb0f5a2cfc1aba7\"},\"headline\":\"R\u00fcckerstattungs- und R\u00fcckgabebedingungen\",\"datePublished\":\"2024-06-26T17:26:51+00:00\",\"dateModified\":\"2025-02-05T17:08:32+00:00\",\"mainEntityOfPage\":{\"@id\":\"https:\\\/\\\/mocro-store.com\\\/de\\\/rueckerstattungs-und-rueckgabebedingungen\\\/\"},\"wordCount\":5,\"publisher\":{\"@id\":\"https:\\\/\\\/mocro-store.com\\\/de\\\/#organization\"},\"inLanguage\":\"de\"},{\"@type\":\"WebPage\",\"@id\":\"https:\\\/\\\/mocro-store.com\\\/de\\\/rueckerstattungs-und-rueckgabebedingungen\\\/\",\"url\":\"https:\\\/\\\/mocro-store.com\\\/de\\\/rueckerstattungs-und-rueckgabebedingungen\\\/\",\"name\":\"R\u00fcckerstattungs- und R\u00fcckgabebedingungen | Mocro Fashion Shop\",\"isPartOf\":{\"@id\":\"https:\\\/\\\/mocro-store.com\\\/de\\\/#website\"},\"datePublished\":\"2024-06-26T17:26:51+00:00\",\"dateModified\":\"2025-02-05T17:08:32+00:00\",\"description\":\"Najbolji \u017eenski kupa\u0107i kostimi za ovo ljeto-iskoristite 15% popusta\",\"breadcrumb\":{\"@id\":\"https:\\\/\\\/mocro-store.com\\\/de\\\/rueckerstattungs-und-rueckgabebedingungen\\\/#breadcrumb\"},\"inLanguage\":\"de\",\"potentialAction\":[{\"@type\":\"ReadAction\",\"target\":[\"https:\\\/\\\/mocro-store.com\\\/de\\\/rueckerstattungs-und-rueckgabebedingungen\\\/\"]}]},{\"@type\":\"BreadcrumbList\",\"@id\":\"https:\\\/\\\/mocro-store.com\\\/de\\\/rueckerstattungs-und-rueckgabebedingungen\\\/#breadcrumb\",\"itemListElement\":[{\"@type\":\"ListItem\",\"position\":1,\"name\":\"Po\u010detna stranica\",\"item\":\"https:\\\/\\\/mocro-store.com\\\/de\\\/startseite\\\/\"},{\"@type\":\"ListItem\",\"position\":2,\"name\":\"R\u00fcckerstattungs- und R\u00fcckgabebedingungen\"}]},{\"@type\":\"WebSite\",\"@id\":\"https:\\\/\\\/mocro-store.com\\\/de\\\/#website\",\"url\":\"https:\\\/\\\/mocro-store.com\\\/de\\\/\",\"name\":\"Mocro Fashion Store\",\"description\":\"Najbolji kupa\u0107i kostimi za ovo ljeto\",\"publisher\":{\"@id\":\"https:\\\/\\\/mocro-store.com\\\/de\\\/#organization\"},\"alternateName\":\"Mocro\",\"potentialAction\":[{\"@type\":\"SearchAction\",\"target\":{\"@type\":\"EntryPoint\",\"urlTemplate\":\"https:\\\/\\\/mocro-store.com\\\/de\\\/?s={search_term_string}\"},\"query-input\":{\"@type\":\"PropertyValueSpecification\",\"valueRequired\":true,\"valueName\":\"search_term_string\"}}],\"inLanguage\":\"de\"},{\"@type\":\"Organization\",\"@id\":\"https:\\\/\\\/mocro-store.com\\\/de\\\/#organization\",\"name\":\"Mocro Fashion Shop\",\"alternateName\":\"Mocro\",\"url\":\"https:\\\/\\\/mocro-store.com\\\/de\\\/\",\"logo\":{\"@type\":\"ImageObject\",\"inLanguage\":\"de\",\"@id\":\"https:\\\/\\\/mocro-store.com\\\/de\\\/#\\\/schema\\\/logo\\\/image\\\/\",\"url\":\"https:\\\/\\\/mocro-store.com\\\/wp-content\\\/uploads\\\/2024\\\/07\\\/Snimka-zaslona_17-7-2024_183519_.jpeg\",\"contentUrl\":\"https:\\\/\\\/mocro-store.com\\\/wp-content\\\/uploads\\\/2024\\\/07\\\/Snimka-zaslona_17-7-2024_183519_.jpeg\",\"width\":1318,\"height\":649,\"caption\":\"Mocro Fashion Shop\"},\"image\":{\"@id\":\"https:\\\/\\\/mocro-store.com\\\/de\\\/#\\\/schema\\\/logo\\\/image\\\/\"},\"sameAs\":[\"https:\\\/\\\/web.facebook.com\\\/people\\\/Mocro-Store\\\/61560980061722\\\/\",\"https:\\\/\\\/www.instagram.com\\\/mocro_store_official?igsh=bTljZW9kc2Y1YWx3\",\"https:\\\/\\\/pin.it\\\/4p6hR3Q8H\"]},{\"@type\":\"Person\",\"@id\":\"https:\\\/\\\/mocro-store.com\\\/de\\\/#\\\/schema\\\/person\\\/bd96a827a94c5b07beb0f5a2cfc1aba7\",\"name\":\"Branko\",\"image\":{\"@type\":\"ImageObject\",\"inLanguage\":\"de\",\"@id\":\"https:\\\/\\\/secure.gravatar.com\\\/avatar\\\/500b9326b9529841b8cba06b2dc5a66574cb928895c58e0675c13411bdb9b129?s=96&d=mm&r=g\",\"url\":\"https:\\\/\\\/secure.gravatar.com\\\/avatar\\\/500b9326b9529841b8cba06b2dc5a66574cb928895c58e0675c13411bdb9b129?s=96&d=mm&r=g\",\"contentUrl\":\"https:\\\/\\\/secure.gravatar.com\\\/avatar\\\/500b9326b9529841b8cba06b2dc5a66574cb928895c58e0675c13411bdb9b129?s=96&d=mm&r=g\",\"caption\":\"Branko\"},\"sameAs\":[\"https:\\\/\\\/mocro-store.com\"]}]}<\/script>\n<!-- \/ Yoast SEO plugin. -->","yoast_head_json":{"title":"R\u00fcckerstattungs- und R\u00fcckgabebedingungen | Mocro Fashion Shop","description":"Najbolji \u017eenski kupa\u0107i kostimi za ovo ljeto-iskoristite 15% popusta","robots":{"index":"index","follow":"follow","max-snippet":"max-snippet:-1","max-image-preview":"max-image-preview:large","max-video-preview":"max-video-preview:-1"},"canonical":"https:\/\/mocro-store.com\/de\/rueckerstattungs-und-rueckgabebedingungen\/","og_locale":"de_DE","og_type":"article","og_title":"R\u00fcckerstattungs- und R\u00fcckgabebedingungen | Mocro Fashion Shop","og_description":"Najbolji \u017eenski kupa\u0107i kostimi za ovo ljeto-iskoristite 15% popusta","og_url":"https:\/\/mocro-store.com\/de\/rueckerstattungs-und-rueckgabebedingungen\/","og_site_name":"Mocro Fashion Shop","article_publisher":"https:\/\/web.facebook.com\/people\/Mocro-Store\/61560980061722\/","article_modified_time":"2025-02-05T17:08:32+00:00","og_image":[{"width":1318,"height":649,"url":"https:\/\/mocro-store.com\/wp-content\/uploads\/2024\/07\/Snimka-zaslona_17-7-2024_183519_.jpeg","type":"image\/jpeg"}],"twitter_card":"summary_large_image","schema":{"@context":"https:\/\/schema.org","@graph":[{"@type":"AdvertiserContentArticle","@id":"https:\/\/mocro-store.com\/de\/rueckerstattungs-und-rueckgabebedingungen\/#article","isPartOf":{"@id":"https:\/\/mocro-store.com\/de\/rueckerstattungs-und-rueckgabebedingungen\/"},"author":{"name":"Branko","@id":"https:\/\/mocro-store.com\/de\/#\/schema\/person\/bd96a827a94c5b07beb0f5a2cfc1aba7"},"headline":"R\u00fcckerstattungs- und R\u00fcckgabebedingungen","datePublished":"2024-06-26T17:26:51+00:00","dateModified":"2025-02-05T17:08:32+00:00","mainEntityOfPage":{"@id":"https:\/\/mocro-store.com\/de\/rueckerstattungs-und-rueckgabebedingungen\/"},"wordCount":5,"publisher":{"@id":"https:\/\/mocro-store.com\/de\/#organization"},"inLanguage":"de"},{"@type":"WebPage","@id":"https:\/\/mocro-store.com\/de\/rueckerstattungs-und-rueckgabebedingungen\/","url":"https:\/\/mocro-store.com\/de\/rueckerstattungs-und-rueckgabebedingungen\/","name":"R\u00fcckerstattungs- und R\u00fcckgabebedingungen | Mocro Fashion Shop","isPartOf":{"@id":"https:\/\/mocro-store.com\/de\/#website"},"datePublished":"2024-06-26T17:26:51+00:00","dateModified":"2025-02-05T17:08:32+00:00","description":"Najbolji \u017eenski kupa\u0107i kostimi za ovo ljeto-iskoristite 15% popusta","breadcrumb":{"@id":"https:\/\/mocro-store.com\/de\/rueckerstattungs-und-rueckgabebedingungen\/#breadcrumb"},"inLanguage":"de","potentialAction":[{"@type":"ReadAction","target":["https:\/\/mocro-store.com\/de\/rueckerstattungs-und-rueckgabebedingungen\/"]}]},{"@type":"BreadcrumbList","@id":"https:\/\/mocro-store.com\/de\/rueckerstattungs-und-rueckgabebedingungen\/#breadcrumb","itemListElement":[{"@type":"ListItem","position":1,"name":"Po\u010detna stranica","item":"https:\/\/mocro-store.com\/de\/startseite\/"},{"@type":"ListItem","position":2,"name":"R\u00fcckerstattungs- und R\u00fcckgabebedingungen"}]},{"@type":"WebSite","@id":"https:\/\/mocro-store.com\/de\/#website","url":"https:\/\/mocro-store.com\/de\/","name":"Mocro Fashion Store","description":"Najbolji kupa\u0107i kostimi za ovo ljeto","publisher":{"@id":"https:\/\/mocro-store.com\/de\/#organization"},"alternateName":"Mocro","potentialAction":[{"@type":"SearchAction","target":{"@type":"EntryPoint","urlTemplate":"https:\/\/mocro-store.com\/de\/?s={search_term_string}"},"query-input":{"@type":"PropertyValueSpecification","valueRequired":true,"valueName":"search_term_string"}}],"inLanguage":"de"},{"@type":"Organization","@id":"https:\/\/mocro-store.com\/de\/#organization","name":"Mocro Fashion Shop","alternateName":"Mocro","url":"https:\/\/mocro-store.com\/de\/","logo":{"@type":"ImageObject","inLanguage":"de","@id":"https:\/\/mocro-store.com\/de\/#\/schema\/logo\/image\/","url":"https:\/\/mocro-store.com\/wp-content\/uploads\/2024\/07\/Snimka-zaslona_17-7-2024_183519_.jpeg","contentUrl":"https:\/\/mocro-store.com\/wp-content\/uploads\/2024\/07\/Snimka-zaslona_17-7-2024_183519_.jpeg","width":1318,"height":649,"caption":"Mocro Fashion Shop"},"image":{"@id":"https:\/\/mocro-store.com\/de\/#\/schema\/logo\/image\/"},"sameAs":["https:\/\/web.facebook.com\/people\/Mocro-Store\/61560980061722\/","https:\/\/www.instagram.com\/mocro_store_official?igsh=bTljZW9kc2Y1YWx3","https:\/\/pin.it\/4p6hR3Q8H"]},{"@type":"Person","@id":"https:\/\/mocro-store.com\/de\/#\/schema\/person\/bd96a827a94c5b07beb0f5a2cfc1aba7","name":"Branko","image":{"@type":"ImageObject","inLanguage":"de","@id":"https:\/\/secure.gravatar.com\/avatar\/500b9326b9529841b8cba06b2dc5a66574cb928895c58e0675c13411bdb9b129?s=96&d=mm&r=g","url":"https:\/\/secure.gravatar.com\/avatar\/500b9326b9529841b8cba06b2dc5a66574cb928895c58e0675c13411bdb9b129?s=96&d=mm&r=g","contentUrl":"https:\/\/secure.gravatar.com\/avatar\/500b9326b9529841b8cba06b2dc5a66574cb928895c58e0675c13411bdb9b129?s=96&d=mm&r=g","caption":"Branko"},"sameAs":["https:\/\/mocro-store.com"]}]}},"_links":{"self":[{"href":"https:\/\/mocro-store.com\/de\/wp-json\/wp\/v2\/pages\/4255","targetHints":{"allow":["GET"]}}],"collection":[{"href":"https:\/\/mocro-store.com\/de\/wp-json\/wp\/v2\/pages"}],"about":[{"href":"https:\/\/mocro-store.com\/de\/wp-json\/wp\/v2\/types\/page"}],"author":[{"embeddable":true,"href":"https:\/\/mocro-store.com\/de\/wp-json\/wp\/v2\/users\/1"}],"replies":[{"embeddable":true,"href":"https:\/\/mocro-store.com\/de\/wp-json\/wp\/v2\/comments?post=4255"}],"version-history":[{"count":0,"href":"https:\/\/mocro-store.com\/de\/wp-json\/wp\/v2\/pages\/4255\/revisions"}],"wp:attachment":[{"href":"https:\/\/mocro-store.com\/de\/wp-json\/wp\/v2\/media?parent=4255"}],"curies":[{"name":"wp","href":"https:\/\/api.w.org\/{rel}","templated":true}]}}