{"id":4514,"date":"2024-06-26T18:24:05","date_gmt":"2024-06-26T16:24:05","guid":{"rendered":"https:\/\/mocro-store.com\/datenschutzrichtlinie\/"},"modified":"2025-02-05T18:07:28","modified_gmt":"2025-02-05T17:07:28","slug":"datenschutzrichtlinie","status":"publish","type":"page","link":"https:\/\/mocro-store.com\/de\/datenschutzrichtlinie\/","title":{"rendered":"Datenschutzrichtlinie"},"content":{"rendered":"<section class=\"bde-section-4514-100 bde-section\">\n  \n  \n\t\n\n\n\n<div class=\"section-container\"><div class=\"bde-rich-text-4514-101 bde-rich-text breakdance-rich-text-styles\">\n<h3>Datenschutzrichtlinie<\/h3>\n<p>Diese Datenschutzrichtlinie beschreibt, wie Ihre pers\u00f6nlichen Daten erfasst, verwendet und weitergegeben werden, wenn Sie www.mocro-store (die \u201eSite\u201c) besuchen oder dort einen Einkauf t\u00e4tigen.<\/p>\n<h4>VON UNS ERHOBENE PERSONENBEZOGENE DATEN<\/h4>\n<p>Wenn Sie die Website besuchen, erfassen wir automatisch bestimmte Informationen \u00fcber Ihr Ger\u00e4t, darunter Informationen \u00fcber Ihren Webbrowser, Ihre IP-Adresse, Ihre Zeitzone und einige auf Ihrem Ger\u00e4t installierte Cookies. Dar\u00fcber hinaus erfassen wir beim Durchsuchen der Site Informationen zu den einzelnen Webseiten oder Produkten, die Sie anzeigen, zu den Webseiten oder Suchbegriffen, \u00fcber die Sie auf die Site gelangen, und zu Informationen dar\u00fcber, wie sie mit der Site interagieren. Wir nennen diese automatisch gesammelten Informationen \u201eGer\u00e4teinformationen\u201c.<\/p>\n<h5>Wir erfassen Ger\u00e4teinformationen mithilfe der folgenden Technologien:<\/h5>\n<p>\u2013 \u201eCookies\u201c \u2013<\/p>\n<h4>Cookie-Richtlinie<\/h4>\n<p>Damit diese Website ordnungsgem\u00e4\u00df funktioniert, die Website weiter verbessert und Ihr Surferlebnis verbessert werden kann, muss diese Website eine kleine Menge an Informationen (Cookies) auf Ihrem Computer speichern. \u00dcber 90 % aller Websites verwenden dieses Verfahren, doch gem\u00e4\u00df der EU-Verordnung vom 25. M\u00e4rz 2011 sind wir verpflichtet, vor der Speicherung von Cookies Ihr Einverst\u00e4ndnis einzuholen. Durch die Nutzung der Website stimmen Sie der Verwendung von Cookies zu. Durch das Blockieren von Cookies k\u00f6nnen Sie die Website zwar weiterhin durchsuchen, einige Funktionen stehen Ihnen dann jedoch nicht zur Verf\u00fcgung.<\/p>\n<h4>Was ist ein Cookie?<\/h4>\n<p>Cookie-Informationen werden von den von Ihnen besuchten Websites auf Ihrem Computer gespeichert. Cookies speichern typischerweise Ihre Pr\u00e4ferenzen und Website-Einstellungen, wie etwa Ihre bevorzugte Sprache oder Adresse. Wenn Sie sp\u00e4ter dieselbe Webseite erneut \u00f6ffnen, sendet der Internetbrowser die zu dieser Seite geh\u00f6renden Cookies zur\u00fcck. Dadurch k\u00f6nnen auf der Seite Informationen angezeigt werden, die auf Ihre Bed\u00fcrfnisse zugeschnitten sind.<\/p>\n<h4>Verwendet micro-store Cookies?<\/h4>\n<p>Ja, mit dem Hauptziel, unserer Website ein besseres Benutzererlebnis und einfacheres Online-Shopping zu bieten.<\/p>\n<h4>Welche Arten von Cookies verwendet Micro-Store und warum?<\/h4>\n<h5>Tempor\u00e4re Cookies<\/h5>\n<p>Dies sind tempor\u00e4re Cookies, die ablaufen (und automatisch gel\u00f6scht werden), wenn Sie Ihren Internetbrowser schlie\u00dfen. Wir verwenden Sitzungscookies, um den Zugriff auf Inhalte und das Kommentieren zu erm\u00f6glichen (dies m\u00fcssen Sie tun, wenn Sie sich mit Ihren Website-Daten anmelden).<\/p>\n<h5>Dauerhafte Cookies<\/h5>\n<p>Sie haben normalerweise ein Ablaufdatum weit in der Zukunft und verbleiben in Ihrem Browser, bis sie ablaufen oder Sie sie manuell l\u00f6schen. Wir nutzen dauerhafte Cookies f\u00fcr Funktionalit\u00e4ten wie beispielsweise \u201eAngemeldet bleiben\u201c im Best\u00e4tigungsfenster, was Benutzern als registrierter Benutzer den Zugriff erleichtert. Dar\u00fcber hinaus verwenden wir dauerhafte Cookies, um die Benutzergewohnheiten besser zu verstehen und die Website entsprechend Ihren Gewohnheiten zu verbessern. Diese Informationen sind anonym \u2013 wir sehen Ihre pers\u00f6nlichen Daten nicht.<\/p>\n<h5>Verf\u00fcgt die Website \u00fcber Cookies von Drittanbietern?<\/h5>\n<p>Cookies von Drittanbietern stammen von Anzeigen anderer Websites (z. B. Popups oder andere Anzeigen), die auf der von Ihnen angezeigten Website erscheinen. Diese Cookies erm\u00f6glichen es Websites, die Internetnutzung f\u00fcr Marketingzwecke zu verfolgen.<\/p>\n<p>Es gibt mehrere externe Dienste, die Cookies f\u00fcr den Benutzer speichern. Diese Cookies werden nicht von dieser Website gesetzt, einige dienen jedoch dem normalen Funktionieren bestimmter Funktionen, die den Benutzern den Zugriff auf Inhalte erleichtern. Derzeit erlauben wir:<\/p>\n<ul>\n<li>Soziale Netzwerke<\/li>\n<\/ul>\n<p>Benutzer k\u00f6nnen sich mit ihren eigenen Social-Media-Konten bei Facebook anmelden. Ebenso werden beim Teilen von Artikeln in sozialen Netzwerken Cookies beim Benutzer abgelegt.<\/p>\n<ul>\n<li>Messung der Anwesenheit<\/li>\n<\/ul>\n<p>mocro-store verwendet Google Analytics.<\/p>\n<p>Wenn Sie diese Dienste nicht aktivieren m\u00f6chten, k\u00f6nnen Sie sie \u00fcber den folgenden Link blockieren: Google Analytics \u2013 https:\/\/tools.google.com\/dlpage\/gaoptout<\/p>\n<p>Weitere Informationen zum Deaktivieren von Cookies<\/p>\n<p>Derzeit gibt es mehrere Websites, die Cookies f\u00fcr verschiedene Dienste deaktivieren.<\/p>\n<p>Weitere Informationen finden Sie unter den folgenden Links:<\/p>\n<p>http:\/\/www.allaboutcookies.org\/<\/p>\n<p>http:\/\/www.youronlinechoices.eu\/<\/p>\n<p>\u2013 \u201eProtokolle\u201c verfolgen Aktionen, die auf der Website stattfinden, und sammeln Informationen wie Ihre IP-Adresse, den Browsertyp, Ihren Internetdienstanbieter, Verweis-\/Ausstiegsseiten und Datums-\/Zeitstempel.<\/p>\n<p>\u2013 \u201eWeb Beacons\u201c, \u201eTags\u201c und \u201ePixels\u201c sind elektronische Dateien, die zum Aufzeichnen von Informationen \u00fcber Ihr Surfverhalten auf Websites verwendet werden.<\/p>\n<p>Wenn Sie \u00fcber die Website einen Kauf t\u00e4tigen oder versuchen, einen Kauf zu t\u00e4tigen, erfassen wir au\u00dferdem bestimmte Informationen von Ihnen, darunter Ihren Namen, Ihre Rechnungsadresse, Ihre Lieferadresse, Ihre Zahlungsinformationen (E-Mail-Adresse und Telefonnummer). Wir rufen diese Informationen \u201eBestellinformationen\u201c.<\/p>\n<p>Wenn wir in dieser Datenschutzrichtlinie von \u201epers\u00f6nlichen Informationen\u201c sprechen, meinen wir Ger\u00e4teinformationen und Bestellinformationen.<\/p>\n<h4>WIE VERWENDEN WIR IHRE PERSONENBEZOGENEN DATEN?<\/h4>\n<h5>PERSONENBEZOGENER DATENSCHUTZ (DSGVO)<\/h5>\n<p>Wir verpflichten uns zum Schutz der personenbezogenen Daten unserer Kunden, indem wir nur die unbedingt erforderlichen, grundlegenden Kundendaten erheben, die zur Erf\u00fcllung unserer Verpflichtungen erforderlich sind.<\/p>\n<p>Alle Kundeninformationen werden streng vertraulich behandelt und sind ausschlie\u00dflich den Mitarbeitern zug\u00e4nglich, die die Bestellung bearbeiten m\u00fcssen, sowie den Kurierdiensten, die ausschlie\u00dflich zum Zweck der Auslieferung des Produkts t\u00e4tig sind. Alle unsere Mitarbeiter sind f\u00fcr die Einhaltung der Datenschutzgrunds\u00e4tze verantwortlich.<\/p>\n<p>Die Eingabe und \u00dcbermittlung personenbezogener Daten und Kreditkartennummerndaten werden durch die h\u00f6chsten Sicherheitsstandards des Online-Autorisierungssystems f\u00fcr Kreditkarten von CorvusPay gem\u00e4\u00df den Anforderungen der Card and Card- und PCI DSS-Standards gesch\u00fctzt. Die Autorisierung und Zahlung per Kreditkarte erfolgt \u00fcber das Echtzeit-Autorisierungs- und Abrechnungssystem CorvusPay.<\/p>\n<p>Mocro-store (Folsu \u200b\u200b\u200b\u200bd.o.o.) verpflichtet sich zum Schutz personenbezogener Daten, indem nur unbedingt erforderliche, grundlegende Informationen \u00fcber Kunden\/Benutzer gesammelt werden, die zur Erf\u00fcllung unserer Verpflichtungen erforderlich sind; Kunden dar\u00fcber informieren, wie sie die von ihnen erfassten Daten verwenden, den Benutzern regelm\u00e4\u00dfig Wahlm\u00f6glichkeiten hinsichtlich der Verwendung ihrer Daten geben, einschlie\u00dflich der M\u00f6glichkeit zu entscheiden, ob ihr Name aus einer f\u00fcr Marketingkampagnen verwendeten Liste entfernt werden soll. S\u00e4mtliche Kundendaten werden streng vertraulich behandelt und sind nur den dazu verpflichteten Mitarbeitern zug\u00e4nglich. Alle Mitarbeiter und Gesch\u00e4ftspartner von FOLSU doo sind f\u00fcr die Einhaltung der Datenschutzgrunds\u00e4tze verantwortlich.<\/p>\n<p>Cd-Parteien, die uns bei der Verwendung Ihrer personenbezogenen Daten wie oben beschrieben unterst\u00fctzen. Wir verwenden beispielsweise WordPress f\u00fcr unseren Online-Shop. Weitere Informationen zur Verwendung Ihrer personenbezogenen Daten durch WordPress finden Sie hier: https:\/\/wordpress.org\/about\/privacy\/. Wir verwenden au\u00dferdem Google Analytics, um Ihnen zu helfen, zu verstehen, wie unsere Benutzer die Website nutzen. Weitere Informationen dar\u00fcber, wie Google Ihre personenbezogenen Daten verwendet, finden Sie hier: https:\/\/www.google.com\/intl\/en\/policies\/privacy\/. Sie k\u00f6nnen Google Analytics auch hier deaktivieren: https:\/\/tools.google.com\/dlpage\/gaoptout.<\/p>\n<p>Schlie\u00dflich k\u00f6nnen wir Ihre personenbezogenen Daten auch weitergeben, um die geltenden Gesetze und Vorschriften einzuhalten, auf Vorladungen, Durchsuchungsbefehle oder andere rechtliche Anfragen nach Informationen, die wir erhalten, zu reagieren oder anderweitig unsere Rechte zu sch\u00fctzen.<\/p >\n<h5>VERHALTENSORIENTIERTE WERBUNG<\/h5>\n<p>Wie oben beschrieben, verwenden wir Ihre personenbezogenen Daten, um Ihnen gezielte Werbung oder Marketingmitteilungen zukommen zu lassen, die unserer Ansicht nach f\u00fcr Sie von Interesse sein k\u00f6nnten. Weitere Informationen zur Funktionsweise zielgerichteter Werbung finden Sie auf der Informationsseite der Network Advertising Initiative (\u201eNAI\u201c) unter http:\/\/www.networkadvertising.org\/understanding-online-advertising\/how-does-it-work.< \/ p>\n<p>Sie k\u00f6nnen gezielte Werbung \u00fcber die folgenden Links deaktivieren:<\/p>\n<p>\u2013 Facebook: https:\/\/www.facebook.com\/settings\/?tab=ads<\/p>\n<p>\u2013 Google: https:\/\/www.google.com\/settings\/ads\/anonymous<\/p>\n<p>\u2013 Bing: https:\/\/advertise.bingads.microsoft.com\/en-us\/resources\/policies\/personalized-ads<\/p>\n<p>Zus\u00e4tzliches Portal unter: http:\/\/optout.aboutads.info\/.ally. Sie k\u00f6nnen sich von einigen dieser Dienste abmelden, indem Sie die Op der Digital Advertising Alliance besuchen.<\/p>\n<h5>ICH FOLGE NICHT<\/h5>\n<p>Bitte beachten Sie, dass wir die Datenerfassung und -nutzungspraktiken unserer Website nicht \u00e4ndern, wenn in Ihrem Browser ein \u201eDo Not Track\u201c-Signal angezeigt wird.<\/p>\n<h5>IHRE RECHTE<\/h5>\n<p>Wenn Sie in Europa wohnen, haben Sie das Recht auf Zugriff auf Ihre von uns gespeicherten personenbezogenen Daten und k\u00f6nnen eine Korrektur, Aktualisierung oder L\u00f6schung Ihrer personenbezogenen Daten verlangen. Wenn Sie dieses Recht aus\u00fcben m\u00f6chten, kontaktieren Sie uns bitte \u00fcber die unten angegebenen Kontaktdaten.<\/p>\n\n<p>Wenn Sie in Europa ans\u00e4ssig sind, beachten Sie bitte au\u00dferdem, dass wir Ihre Daten verarbeiten, um Vertr\u00e4ge mit Ihnen zu erf\u00fcllen (z. B. wenn Sie eine Bestellung \u00fcber die Website aufgeben) oder um anderweitig die legitimen Gesch\u00e4ftsinteressen zu verfolgen, die oben raus. Bitte beachten Sie au\u00dferdem, dass Ihre Daten au\u00dferhalb Europas, unter anderem nach Kanada und in die USA, \u00fcbertragen werden.<\/p>\n<h5>DATENSPEICHERUNG<\/h5>\n<p>Wenn Sie eine Bestellung \u00fcber die Site aufgeben, bewahren wir Ihre Bestelldaten f\u00fcr unsere Aufzeichnungen auf, es sei denn, Sie fordern uns auf, diese Daten zu l\u00f6schen.<\/p>\n<h5>\u00c4NDERUNGEN<\/h5>\n<p>Wir k\u00f6nnen diese Datenschutzrichtlinie von Zeit zu Zeit aktualisieren, um beispielsweise \u00c4nderungen unserer Praktiken oder aus anderen betrieblichen, rechtlichen oder regulatorischen Gr\u00fcnden Rechnung zu tragen.<\/p>\n<h5>MINDERJ\u00c4HRIGE<\/h5>\n<p>Die Site ist nicht f\u00fcr Personen unter 18 Jahren bestimmt.<\/p>\n<h5>KONTAKTIEREN SIE UNS<\/h5>\n<p>F\u00fcr weitere Informationen zu unserer Datenschutzrichtlinie, wenn Sie Fragen haben oder eine Beschwerde einreichen m\u00f6chten, kontaktieren Sie uns bitte per E-Mail an info@mocro-store.letters.rs oder per Post unter den unten angegebenen Details.<\/p>\n<p><em><strong>Folsu \u200b\u200b\u200b\u200bd.o.o.<\/strong><\/em><\/p>\n<p><em><strong>Miro\u0161eve\u010dka cesta 168<\/strong><\/em><\/p>\n<p><em><strong>10040 Zagreb<\/strong><\/em><\/p>\n<p><em><strong>Kroatien<\/strong><\/em><\/p>\n<\/div><\/div>\n<\/section>","protected":false},"excerpt":{"rendered":"<p>Datenschutzrichtlinie Diese Datenschutzrichtlinie beschreibt, wie Ihre pers\u00f6nlichen Daten erfasst, verwendet und weitergegeben werden, wenn Sie www.mocro-store (die \u201eSite\u201c) besuchen oder dort einen Einkauf t\u00e4tigen. VON UNS ERHOBENE PERSONENBEZOGENE DATEN Wenn Sie die Website besuchen, erfassen wir automatisch bestimmte Informationen \u00fcber Ihr Ger\u00e4t, darunter Informationen \u00fcber Ihren Webbrowser, Ihre IP-Adresse, Ihre Zeitzone und einige auf Ihrem [&hellip;]<\/p>\n","protected":false},"author":1,"featured_media":0,"parent":0,"menu_order":0,"comment_status":"closed","ping_status":"closed","template":"","meta":{"_breakdance_hide_in_design_set":false,"_breakdance_tags":"","footnotes":""},"class_list":["post-4514","page","type-page","status-publish","hentry"],"yoast_head":"<!-- This site is optimized with the Yoast SEO plugin v27.4 - https:\/\/yoast.com\/product\/yoast-seo-wordpress\/ -->\n<title>Datenschutzrichtlinie | Mocro Fashion Shop<\/title>\n<meta name=\"description\" content=\"Najbolji \u017eenski kupa\u0107i kostimi za ovo ljeto-iskoristite 15% popusta\" \/>\n<meta name=\"robots\" content=\"index, follow, max-snippet:-1, max-image-preview:large, max-video-preview:-1\" \/>\n<link rel=\"canonical\" href=\"https:\/\/mocro-store.com\/de\/datenschutzrichtlinie\/\" \/>\n<meta property=\"og:locale\" content=\"de_DE\" \/>\n<meta property=\"og:type\" content=\"article\" \/>\n<meta property=\"og:title\" content=\"Datenschutzrichtlinie | Mocro Fashion Shop\" \/>\n<meta property=\"og:description\" content=\"Najbolji \u017eenski kupa\u0107i kostimi za ovo ljeto-iskoristite 15% popusta\" \/>\n<meta property=\"og:url\" content=\"https:\/\/mocro-store.com\/de\/datenschutzrichtlinie\/\" \/>\n<meta property=\"og:site_name\" content=\"Mocro Fashion Shop\" \/>\n<meta property=\"article:publisher\" content=\"https:\/\/web.facebook.com\/people\/Mocro-Store\/61560980061722\/\" \/>\n<meta property=\"article:modified_time\" content=\"2025-02-05T17:07:28+00:00\" \/>\n<meta property=\"og:image\" content=\"https:\/\/mocro-store.com\/wp-content\/uploads\/2024\/07\/Snimka-zaslona_17-7-2024_183519_.jpeg\" \/>\n\t<meta property=\"og:image:width\" content=\"1318\" \/>\n\t<meta property=\"og:image:height\" content=\"649\" \/>\n\t<meta property=\"og:image:type\" content=\"image\/jpeg\" \/>\n<meta name=\"twitter:card\" content=\"summary_large_image\" \/>\n<script type=\"application\/ld+json\" class=\"yoast-schema-graph\">{\"@context\":\"https:\\\/\\\/schema.org\",\"@graph\":[{\"@type\":\"AdvertiserContentArticle\",\"@id\":\"https:\\\/\\\/mocro-store.com\\\/de\\\/datenschutzrichtlinie\\\/#article\",\"isPartOf\":{\"@id\":\"https:\\\/\\\/mocro-store.com\\\/de\\\/datenschutzrichtlinie\\\/\"},\"author\":{\"name\":\"Branko\",\"@id\":\"https:\\\/\\\/mocro-store.com\\\/de\\\/#\\\/schema\\\/person\\\/bd96a827a94c5b07beb0f5a2cfc1aba7\"},\"headline\":\"Datenschutzrichtlinie\",\"datePublished\":\"2024-06-26T16:24:05+00:00\",\"dateModified\":\"2025-02-05T17:07:28+00:00\",\"mainEntityOfPage\":{\"@id\":\"https:\\\/\\\/mocro-store.com\\\/de\\\/datenschutzrichtlinie\\\/\"},\"wordCount\":1,\"publisher\":{\"@id\":\"https:\\\/\\\/mocro-store.com\\\/de\\\/#organization\"},\"inLanguage\":\"de\"},{\"@type\":\"WebPage\",\"@id\":\"https:\\\/\\\/mocro-store.com\\\/de\\\/datenschutzrichtlinie\\\/\",\"url\":\"https:\\\/\\\/mocro-store.com\\\/de\\\/datenschutzrichtlinie\\\/\",\"name\":\"Datenschutzrichtlinie | Mocro Fashion Shop\",\"isPartOf\":{\"@id\":\"https:\\\/\\\/mocro-store.com\\\/de\\\/#website\"},\"datePublished\":\"2024-06-26T16:24:05+00:00\",\"dateModified\":\"2025-02-05T17:07:28+00:00\",\"description\":\"Najbolji \u017eenski kupa\u0107i kostimi za ovo ljeto-iskoristite 15% popusta\",\"breadcrumb\":{\"@id\":\"https:\\\/\\\/mocro-store.com\\\/de\\\/datenschutzrichtlinie\\\/#breadcrumb\"},\"inLanguage\":\"de\",\"potentialAction\":[{\"@type\":\"ReadAction\",\"target\":[\"https:\\\/\\\/mocro-store.com\\\/de\\\/datenschutzrichtlinie\\\/\"]}]},{\"@type\":\"BreadcrumbList\",\"@id\":\"https:\\\/\\\/mocro-store.com\\\/de\\\/datenschutzrichtlinie\\\/#breadcrumb\",\"itemListElement\":[{\"@type\":\"ListItem\",\"position\":1,\"name\":\"Po\u010detna stranica\",\"item\":\"https:\\\/\\\/mocro-store.com\\\/de\\\/startseite\\\/\"},{\"@type\":\"ListItem\",\"position\":2,\"name\":\"Datenschutzrichtlinie\"}]},{\"@type\":\"WebSite\",\"@id\":\"https:\\\/\\\/mocro-store.com\\\/de\\\/#website\",\"url\":\"https:\\\/\\\/mocro-store.com\\\/de\\\/\",\"name\":\"Mocro Fashion Store\",\"description\":\"Najbolji kupa\u0107i kostimi za ovo ljeto\",\"publisher\":{\"@id\":\"https:\\\/\\\/mocro-store.com\\\/de\\\/#organization\"},\"alternateName\":\"Mocro\",\"potentialAction\":[{\"@type\":\"SearchAction\",\"target\":{\"@type\":\"EntryPoint\",\"urlTemplate\":\"https:\\\/\\\/mocro-store.com\\\/de\\\/?s={search_term_string}\"},\"query-input\":{\"@type\":\"PropertyValueSpecification\",\"valueRequired\":true,\"valueName\":\"search_term_string\"}}],\"inLanguage\":\"de\"},{\"@type\":\"Organization\",\"@id\":\"https:\\\/\\\/mocro-store.com\\\/de\\\/#organization\",\"name\":\"Mocro Fashion Shop\",\"alternateName\":\"Mocro\",\"url\":\"https:\\\/\\\/mocro-store.com\\\/de\\\/\",\"logo\":{\"@type\":\"ImageObject\",\"inLanguage\":\"de\",\"@id\":\"https:\\\/\\\/mocro-store.com\\\/de\\\/#\\\/schema\\\/logo\\\/image\\\/\",\"url\":\"https:\\\/\\\/mocro-store.com\\\/wp-content\\\/uploads\\\/2024\\\/07\\\/Snimka-zaslona_17-7-2024_183519_.jpeg\",\"contentUrl\":\"https:\\\/\\\/mocro-store.com\\\/wp-content\\\/uploads\\\/2024\\\/07\\\/Snimka-zaslona_17-7-2024_183519_.jpeg\",\"width\":1318,\"height\":649,\"caption\":\"Mocro Fashion Shop\"},\"image\":{\"@id\":\"https:\\\/\\\/mocro-store.com\\\/de\\\/#\\\/schema\\\/logo\\\/image\\\/\"},\"sameAs\":[\"https:\\\/\\\/web.facebook.com\\\/people\\\/Mocro-Store\\\/61560980061722\\\/\",\"https:\\\/\\\/www.instagram.com\\\/mocro_store_official?igsh=bTljZW9kc2Y1YWx3\",\"https:\\\/\\\/pin.it\\\/4p6hR3Q8H\"]},{\"@type\":\"Person\",\"@id\":\"https:\\\/\\\/mocro-store.com\\\/de\\\/#\\\/schema\\\/person\\\/bd96a827a94c5b07beb0f5a2cfc1aba7\",\"name\":\"Branko\",\"image\":{\"@type\":\"ImageObject\",\"inLanguage\":\"de\",\"@id\":\"https:\\\/\\\/secure.gravatar.com\\\/avatar\\\/500b9326b9529841b8cba06b2dc5a66574cb928895c58e0675c13411bdb9b129?s=96&d=mm&r=g\",\"url\":\"https:\\\/\\\/secure.gravatar.com\\\/avatar\\\/500b9326b9529841b8cba06b2dc5a66574cb928895c58e0675c13411bdb9b129?s=96&d=mm&r=g\",\"contentUrl\":\"https:\\\/\\\/secure.gravatar.com\\\/avatar\\\/500b9326b9529841b8cba06b2dc5a66574cb928895c58e0675c13411bdb9b129?s=96&d=mm&r=g\",\"caption\":\"Branko\"},\"sameAs\":[\"https:\\\/\\\/mocro-store.com\"]}]}<\/script>\n<!-- \/ Yoast SEO plugin. -->","yoast_head_json":{"title":"Datenschutzrichtlinie | Mocro Fashion Shop","description":"Najbolji \u017eenski kupa\u0107i kostimi za ovo ljeto-iskoristite 15% popusta","robots":{"index":"index","follow":"follow","max-snippet":"max-snippet:-1","max-image-preview":"max-image-preview:large","max-video-preview":"max-video-preview:-1"},"canonical":"https:\/\/mocro-store.com\/de\/datenschutzrichtlinie\/","og_locale":"de_DE","og_type":"article","og_title":"Datenschutzrichtlinie | Mocro Fashion Shop","og_description":"Najbolji \u017eenski kupa\u0107i kostimi za ovo ljeto-iskoristite 15% popusta","og_url":"https:\/\/mocro-store.com\/de\/datenschutzrichtlinie\/","og_site_name":"Mocro Fashion Shop","article_publisher":"https:\/\/web.facebook.com\/people\/Mocro-Store\/61560980061722\/","article_modified_time":"2025-02-05T17:07:28+00:00","og_image":[{"width":1318,"height":649,"url":"https:\/\/mocro-store.com\/wp-content\/uploads\/2024\/07\/Snimka-zaslona_17-7-2024_183519_.jpeg","type":"image\/jpeg"}],"twitter_card":"summary_large_image","schema":{"@context":"https:\/\/schema.org","@graph":[{"@type":"AdvertiserContentArticle","@id":"https:\/\/mocro-store.com\/de\/datenschutzrichtlinie\/#article","isPartOf":{"@id":"https:\/\/mocro-store.com\/de\/datenschutzrichtlinie\/"},"author":{"name":"Branko","@id":"https:\/\/mocro-store.com\/de\/#\/schema\/person\/bd96a827a94c5b07beb0f5a2cfc1aba7"},"headline":"Datenschutzrichtlinie","datePublished":"2024-06-26T16:24:05+00:00","dateModified":"2025-02-05T17:07:28+00:00","mainEntityOfPage":{"@id":"https:\/\/mocro-store.com\/de\/datenschutzrichtlinie\/"},"wordCount":1,"publisher":{"@id":"https:\/\/mocro-store.com\/de\/#organization"},"inLanguage":"de"},{"@type":"WebPage","@id":"https:\/\/mocro-store.com\/de\/datenschutzrichtlinie\/","url":"https:\/\/mocro-store.com\/de\/datenschutzrichtlinie\/","name":"Datenschutzrichtlinie | Mocro Fashion Shop","isPartOf":{"@id":"https:\/\/mocro-store.com\/de\/#website"},"datePublished":"2024-06-26T16:24:05+00:00","dateModified":"2025-02-05T17:07:28+00:00","description":"Najbolji \u017eenski kupa\u0107i kostimi za ovo ljeto-iskoristite 15% popusta","breadcrumb":{"@id":"https:\/\/mocro-store.com\/de\/datenschutzrichtlinie\/#breadcrumb"},"inLanguage":"de","potentialAction":[{"@type":"ReadAction","target":["https:\/\/mocro-store.com\/de\/datenschutzrichtlinie\/"]}]},{"@type":"BreadcrumbList","@id":"https:\/\/mocro-store.com\/de\/datenschutzrichtlinie\/#breadcrumb","itemListElement":[{"@type":"ListItem","position":1,"name":"Po\u010detna stranica","item":"https:\/\/mocro-store.com\/de\/startseite\/"},{"@type":"ListItem","position":2,"name":"Datenschutzrichtlinie"}]},{"@type":"WebSite","@id":"https:\/\/mocro-store.com\/de\/#website","url":"https:\/\/mocro-store.com\/de\/","name":"Mocro Fashion Store","description":"Najbolji kupa\u0107i kostimi za ovo ljeto","publisher":{"@id":"https:\/\/mocro-store.com\/de\/#organization"},"alternateName":"Mocro","potentialAction":[{"@type":"SearchAction","target":{"@type":"EntryPoint","urlTemplate":"https:\/\/mocro-store.com\/de\/?s={search_term_string}"},"query-input":{"@type":"PropertyValueSpecification","valueRequired":true,"valueName":"search_term_string"}}],"inLanguage":"de"},{"@type":"Organization","@id":"https:\/\/mocro-store.com\/de\/#organization","name":"Mocro Fashion Shop","alternateName":"Mocro","url":"https:\/\/mocro-store.com\/de\/","logo":{"@type":"ImageObject","inLanguage":"de","@id":"https:\/\/mocro-store.com\/de\/#\/schema\/logo\/image\/","url":"https:\/\/mocro-store.com\/wp-content\/uploads\/2024\/07\/Snimka-zaslona_17-7-2024_183519_.jpeg","contentUrl":"https:\/\/mocro-store.com\/wp-content\/uploads\/2024\/07\/Snimka-zaslona_17-7-2024_183519_.jpeg","width":1318,"height":649,"caption":"Mocro Fashion Shop"},"image":{"@id":"https:\/\/mocro-store.com\/de\/#\/schema\/logo\/image\/"},"sameAs":["https:\/\/web.facebook.com\/people\/Mocro-Store\/61560980061722\/","https:\/\/www.instagram.com\/mocro_store_official?igsh=bTljZW9kc2Y1YWx3","https:\/\/pin.it\/4p6hR3Q8H"]},{"@type":"Person","@id":"https:\/\/mocro-store.com\/de\/#\/schema\/person\/bd96a827a94c5b07beb0f5a2cfc1aba7","name":"Branko","image":{"@type":"ImageObject","inLanguage":"de","@id":"https:\/\/secure.gravatar.com\/avatar\/500b9326b9529841b8cba06b2dc5a66574cb928895c58e0675c13411bdb9b129?s=96&d=mm&r=g","url":"https:\/\/secure.gravatar.com\/avatar\/500b9326b9529841b8cba06b2dc5a66574cb928895c58e0675c13411bdb9b129?s=96&d=mm&r=g","contentUrl":"https:\/\/secure.gravatar.com\/avatar\/500b9326b9529841b8cba06b2dc5a66574cb928895c58e0675c13411bdb9b129?s=96&d=mm&r=g","caption":"Branko"},"sameAs":["https:\/\/mocro-store.com"]}]}},"_links":{"self":[{"href":"https:\/\/mocro-store.com\/de\/wp-json\/wp\/v2\/pages\/4514","targetHints":{"allow":["GET"]}}],"collection":[{"href":"https:\/\/mocro-store.com\/de\/wp-json\/wp\/v2\/pages"}],"about":[{"href":"https:\/\/mocro-store.com\/de\/wp-json\/wp\/v2\/types\/page"}],"author":[{"embeddable":true,"href":"https:\/\/mocro-store.com\/de\/wp-json\/wp\/v2\/users\/1"}],"replies":[{"embeddable":true,"href":"https:\/\/mocro-store.com\/de\/wp-json\/wp\/v2\/comments?post=4514"}],"version-history":[{"count":0,"href":"https:\/\/mocro-store.com\/de\/wp-json\/wp\/v2\/pages\/4514\/revisions"}],"wp:attachment":[{"href":"https:\/\/mocro-store.com\/de\/wp-json\/wp\/v2\/media?parent=4514"}],"curies":[{"name":"wp","href":"https:\/\/api.w.org\/{rel}","templated":true}]}}