{"id":5876,"date":"2025-06-25T01:16:54","date_gmt":"2025-06-24T23:16:54","guid":{"rendered":"https:\/\/mocro-store.com\/proizvod\/sonnenbrille-tn456\/"},"modified":"2025-06-25T09:30:49","modified_gmt":"2025-06-25T07:30:49","slug":"sonnenbrille-tn456","status":"publish","type":"product","link":"https:\/\/mocro-store.com\/de\/proizvod\/sonnenbrille-tn456\/","title":{"rendered":"Sonnenbrille TN456"},"content":{"rendered":"<p><strong>Metall:<\/strong> Wagner Profile Monel \u2013 eine \u00e4u\u00dferst wertvolle Legierung f\u00fcr die Herstellung von Gl\u00e4sern 65%Ni, 33 Cu, 2% Fe, leicht, stark, korrosionsbest\u00e4ndig<\/p>\n<p><strong>Glas:<\/strong> Hochwertige Linsen \u2013 Carbolite<\/p>\n<p>Zum Lackieren und Bemalen werden ausschlie\u00dflich hochwertigste Lacke der optischen Industrie verwendet und zwar ausschlie\u00dflich nach der Galvanisierung.<\/p>\n","protected":false},"excerpt":{"rendered":"<p>Metall: Wagner Profile Monel \u2013 eine \u00e4u\u00dferst wertvolle Legierung f\u00fcr die Herstellung von Gl\u00e4sern 65%Ni, 33 Cu, 2% Fe, leicht, stark, korrosionsbest\u00e4ndig Glas: Hochwertige Linsen \u2013 Carbolite Zum Lackieren und Bemalen werden ausschlie\u00dflich hochwertigste Lacke der optischen Industrie verwendet und zwar ausschlie\u00dflich nach der Galvanisierung.<\/p>\n","protected":false},"featured_media":5848,"template":"","meta":[],"product_brand":[],"product_cat":[206,204],"product_tag":[],"class_list":{"0":"post-5876","1":"product","2":"type-product","3":"status-publish","4":"has-post-thumbnail","6":"product_cat-accessoires","7":"product_cat-sonnenbrille","9":"first","10":"instock","11":"taxable","12":"shipping-taxable","13":"purchasable","14":"product-type-variable"},"yoast_head":"<!-- This site is optimized with the Yoast SEO plugin v27.3 - https:\/\/yoast.com\/product\/yoast-seo-wordpress\/ -->\n<title>Sonnenbrille TN456<\/title>\n<meta name=\"description\" content=\"Mocro Fashion Shop 15% popusta-\u017eenski kupa\u0107i kostimi\" \/>\n<meta name=\"robots\" content=\"index, follow, max-snippet:-1, max-image-preview:large, max-video-preview:-1\" \/>\n<link rel=\"canonical\" href=\"https:\/\/mocro-store.com\/de\/proizvod\/sonnenbrille-tn456\/\" \/>\n<meta property=\"og:locale\" content=\"de_DE\" \/>\n<meta property=\"og:type\" content=\"article\" \/>\n<meta property=\"og:title\" content=\"Sonnenbrille TN456\" \/>\n<meta property=\"og:description\" content=\"Mocro Fashion Shop 15% popusta-\u017eenski kupa\u0107i kostimi\" \/>\n<meta property=\"og:url\" content=\"https:\/\/mocro-store.com\/de\/proizvod\/sonnenbrille-tn456\/\" \/>\n<meta property=\"og:site_name\" content=\"Mocro Fashion Shop\" \/>\n<meta property=\"article:publisher\" content=\"https:\/\/web.facebook.com\/people\/Mocro-Store\/61560980061722\/\" \/>\n<meta property=\"article:modified_time\" content=\"2025-06-25T07:30:49+00:00\" \/>\n<meta property=\"og:image\" content=\"https:\/\/mocro-store.com\/wp-content\/uploads\/2025\/06\/4-black.webp\" \/>\n\t<meta property=\"og:image:width\" content=\"2048\" \/>\n\t<meta property=\"og:image:height\" content=\"1463\" \/>\n\t<meta property=\"og:image:type\" content=\"image\/webp\" \/>\n<meta name=\"twitter:card\" content=\"summary_large_image\" \/>\n<meta name=\"twitter:label1\" content=\"Gesch\u00e4tzte Lesezeit\" \/>\n\t<meta name=\"twitter:data1\" content=\"1\u00a0Minute\" \/>\n<script type=\"application\/ld+json\" class=\"yoast-schema-graph\">{\"@context\":\"https:\\\/\\\/schema.org\",\"@graph\":[{\"@type\":[\"WebPage\",\"ItemPage\"],\"@id\":\"https:\\\/\\\/mocro-store.com\\\/de\\\/proizvod\\\/sonnenbrille-tn456\\\/\",\"url\":\"https:\\\/\\\/mocro-store.com\\\/de\\\/proizvod\\\/sonnenbrille-tn456\\\/\",\"name\":\"Sonnenbrille TN456\",\"isPartOf\":{\"@id\":\"https:\\\/\\\/mocro-store.com\\\/de\\\/#website\"},\"primaryImageOfPage\":{\"@id\":\"https:\\\/\\\/mocro-store.com\\\/de\\\/proizvod\\\/sonnenbrille-tn456\\\/#primaryimage\"},\"image\":{\"@id\":\"https:\\\/\\\/mocro-store.com\\\/de\\\/proizvod\\\/sonnenbrille-tn456\\\/#primaryimage\"},\"thumbnailUrl\":\"https:\\\/\\\/mocro-store.com\\\/wp-content\\\/uploads\\\/2025\\\/06\\\/4-black.webp\",\"datePublished\":\"2025-06-24T23:16:54+00:00\",\"dateModified\":\"2025-06-25T07:30:49+00:00\",\"description\":\"Mocro Fashion Shop 15% popusta-\u017eenski kupa\u0107i kostimi\",\"breadcrumb\":{\"@id\":\"https:\\\/\\\/mocro-store.com\\\/de\\\/proizvod\\\/sonnenbrille-tn456\\\/#breadcrumb\"},\"inLanguage\":\"de\",\"potentialAction\":[{\"@type\":\"ReadAction\",\"target\":[\"https:\\\/\\\/mocro-store.com\\\/de\\\/proizvod\\\/sonnenbrille-tn456\\\/\"]}]},{\"@type\":\"ImageObject\",\"inLanguage\":\"de\",\"@id\":\"https:\\\/\\\/mocro-store.com\\\/de\\\/proizvod\\\/sonnenbrille-tn456\\\/#primaryimage\",\"url\":\"https:\\\/\\\/mocro-store.com\\\/wp-content\\\/uploads\\\/2025\\\/06\\\/4-black.webp\",\"contentUrl\":\"https:\\\/\\\/mocro-store.com\\\/wp-content\\\/uploads\\\/2025\\\/06\\\/4-black.webp\",\"width\":2048,\"height\":1463},{\"@type\":\"BreadcrumbList\",\"@id\":\"https:\\\/\\\/mocro-store.com\\\/de\\\/proizvod\\\/sonnenbrille-tn456\\\/#breadcrumb\",\"itemListElement\":[{\"@type\":\"ListItem\",\"position\":1,\"name\":\"Po\u010detna stranica\",\"item\":\"https:\\\/\\\/mocro-store.com\\\/de\\\/startseite\\\/\"},{\"@type\":\"ListItem\",\"position\":2,\"name\":\"Shop\",\"item\":\"https:\\\/\\\/mocro-store.com\\\/de\\\/geschaeft\\\/\"},{\"@type\":\"ListItem\",\"position\":3,\"name\":\"Accessoires\",\"item\":\"https:\\\/\\\/mocro-store.com\\\/de\\\/produktkategorien\\\/accessoires\\\/\"},{\"@type\":\"ListItem\",\"position\":4,\"name\":\"Sonnenbrille TN456\"}]},{\"@type\":\"WebSite\",\"@id\":\"https:\\\/\\\/mocro-store.com\\\/de\\\/#website\",\"url\":\"https:\\\/\\\/mocro-store.com\\\/de\\\/\",\"name\":\"Mocro Fashion Store\",\"description\":\"Najbolji kupa\u0107i kostimi za ovo ljeto\",\"publisher\":{\"@id\":\"https:\\\/\\\/mocro-store.com\\\/de\\\/#organization\"},\"alternateName\":\"Mocro\",\"potentialAction\":[{\"@type\":\"SearchAction\",\"target\":{\"@type\":\"EntryPoint\",\"urlTemplate\":\"https:\\\/\\\/mocro-store.com\\\/de\\\/?s={search_term_string}\"},\"query-input\":{\"@type\":\"PropertyValueSpecification\",\"valueRequired\":true,\"valueName\":\"search_term_string\"}}],\"inLanguage\":\"de\"},{\"@type\":\"Organization\",\"@id\":\"https:\\\/\\\/mocro-store.com\\\/de\\\/#organization\",\"name\":\"Mocro Fashion Shop\",\"alternateName\":\"Mocro\",\"url\":\"https:\\\/\\\/mocro-store.com\\\/de\\\/\",\"logo\":{\"@type\":\"ImageObject\",\"inLanguage\":\"de\",\"@id\":\"https:\\\/\\\/mocro-store.com\\\/de\\\/#\\\/schema\\\/logo\\\/image\\\/\",\"url\":\"https:\\\/\\\/mocro-store.com\\\/wp-content\\\/uploads\\\/2024\\\/07\\\/Snimka-zaslona_17-7-2024_183519_.jpeg\",\"contentUrl\":\"https:\\\/\\\/mocro-store.com\\\/wp-content\\\/uploads\\\/2024\\\/07\\\/Snimka-zaslona_17-7-2024_183519_.jpeg\",\"width\":1318,\"height\":649,\"caption\":\"Mocro Fashion Shop\"},\"image\":{\"@id\":\"https:\\\/\\\/mocro-store.com\\\/de\\\/#\\\/schema\\\/logo\\\/image\\\/\"},\"sameAs\":[\"https:\\\/\\\/web.facebook.com\\\/people\\\/Mocro-Store\\\/61560980061722\\\/\",\"https:\\\/\\\/www.instagram.com\\\/mocro_store_official?igsh=bTljZW9kc2Y1YWx3\",\"https:\\\/\\\/pin.it\\\/4p6hR3Q8H\"]}]}<\/script>\n<!-- \/ Yoast SEO plugin. -->","yoast_head_json":{"title":"Sonnenbrille TN456","description":"Mocro Fashion Shop 15% popusta-\u017eenski kupa\u0107i kostimi","robots":{"index":"index","follow":"follow","max-snippet":"max-snippet:-1","max-image-preview":"max-image-preview:large","max-video-preview":"max-video-preview:-1"},"canonical":"https:\/\/mocro-store.com\/de\/proizvod\/sonnenbrille-tn456\/","og_locale":"de_DE","og_type":"article","og_title":"Sonnenbrille TN456","og_description":"Mocro Fashion Shop 15% popusta-\u017eenski kupa\u0107i kostimi","og_url":"https:\/\/mocro-store.com\/de\/proizvod\/sonnenbrille-tn456\/","og_site_name":"Mocro Fashion Shop","article_publisher":"https:\/\/web.facebook.com\/people\/Mocro-Store\/61560980061722\/","article_modified_time":"2025-06-25T07:30:49+00:00","og_image":[{"width":2048,"height":1463,"url":"https:\/\/mocro-store.com\/wp-content\/uploads\/2025\/06\/4-black.webp","type":"image\/webp"}],"twitter_card":"summary_large_image","twitter_misc":{"Gesch\u00e4tzte Lesezeit":"1\u00a0Minute"},"schema":{"@context":"https:\/\/schema.org","@graph":[{"@type":["WebPage","ItemPage"],"@id":"https:\/\/mocro-store.com\/de\/proizvod\/sonnenbrille-tn456\/","url":"https:\/\/mocro-store.com\/de\/proizvod\/sonnenbrille-tn456\/","name":"Sonnenbrille TN456","isPartOf":{"@id":"https:\/\/mocro-store.com\/de\/#website"},"primaryImageOfPage":{"@id":"https:\/\/mocro-store.com\/de\/proizvod\/sonnenbrille-tn456\/#primaryimage"},"image":{"@id":"https:\/\/mocro-store.com\/de\/proizvod\/sonnenbrille-tn456\/#primaryimage"},"thumbnailUrl":"https:\/\/mocro-store.com\/wp-content\/uploads\/2025\/06\/4-black.webp","datePublished":"2025-06-24T23:16:54+00:00","dateModified":"2025-06-25T07:30:49+00:00","description":"Mocro Fashion Shop 15% popusta-\u017eenski kupa\u0107i kostimi","breadcrumb":{"@id":"https:\/\/mocro-store.com\/de\/proizvod\/sonnenbrille-tn456\/#breadcrumb"},"inLanguage":"de","potentialAction":[{"@type":"ReadAction","target":["https:\/\/mocro-store.com\/de\/proizvod\/sonnenbrille-tn456\/"]}]},{"@type":"ImageObject","inLanguage":"de","@id":"https:\/\/mocro-store.com\/de\/proizvod\/sonnenbrille-tn456\/#primaryimage","url":"https:\/\/mocro-store.com\/wp-content\/uploads\/2025\/06\/4-black.webp","contentUrl":"https:\/\/mocro-store.com\/wp-content\/uploads\/2025\/06\/4-black.webp","width":2048,"height":1463},{"@type":"BreadcrumbList","@id":"https:\/\/mocro-store.com\/de\/proizvod\/sonnenbrille-tn456\/#breadcrumb","itemListElement":[{"@type":"ListItem","position":1,"name":"Po\u010detna stranica","item":"https:\/\/mocro-store.com\/de\/startseite\/"},{"@type":"ListItem","position":2,"name":"Shop","item":"https:\/\/mocro-store.com\/de\/geschaeft\/"},{"@type":"ListItem","position":3,"name":"Accessoires","item":"https:\/\/mocro-store.com\/de\/produktkategorien\/accessoires\/"},{"@type":"ListItem","position":4,"name":"Sonnenbrille TN456"}]},{"@type":"WebSite","@id":"https:\/\/mocro-store.com\/de\/#website","url":"https:\/\/mocro-store.com\/de\/","name":"Mocro Fashion Store","description":"Najbolji kupa\u0107i kostimi za ovo ljeto","publisher":{"@id":"https:\/\/mocro-store.com\/de\/#organization"},"alternateName":"Mocro","potentialAction":[{"@type":"SearchAction","target":{"@type":"EntryPoint","urlTemplate":"https:\/\/mocro-store.com\/de\/?s={search_term_string}"},"query-input":{"@type":"PropertyValueSpecification","valueRequired":true,"valueName":"search_term_string"}}],"inLanguage":"de"},{"@type":"Organization","@id":"https:\/\/mocro-store.com\/de\/#organization","name":"Mocro Fashion Shop","alternateName":"Mocro","url":"https:\/\/mocro-store.com\/de\/","logo":{"@type":"ImageObject","inLanguage":"de","@id":"https:\/\/mocro-store.com\/de\/#\/schema\/logo\/image\/","url":"https:\/\/mocro-store.com\/wp-content\/uploads\/2024\/07\/Snimka-zaslona_17-7-2024_183519_.jpeg","contentUrl":"https:\/\/mocro-store.com\/wp-content\/uploads\/2024\/07\/Snimka-zaslona_17-7-2024_183519_.jpeg","width":1318,"height":649,"caption":"Mocro Fashion Shop"},"image":{"@id":"https:\/\/mocro-store.com\/de\/#\/schema\/logo\/image\/"},"sameAs":["https:\/\/web.facebook.com\/people\/Mocro-Store\/61560980061722\/","https:\/\/www.instagram.com\/mocro_store_official?igsh=bTljZW9kc2Y1YWx3","https:\/\/pin.it\/4p6hR3Q8H"]}]}},"_links":{"self":[{"href":"https:\/\/mocro-store.com\/de\/wp-json\/wp\/v2\/product\/5876","targetHints":{"allow":["GET"]}}],"collection":[{"href":"https:\/\/mocro-store.com\/de\/wp-json\/wp\/v2\/product"}],"about":[{"href":"https:\/\/mocro-store.com\/de\/wp-json\/wp\/v2\/types\/product"}],"wp:featuredmedia":[{"embeddable":true,"href":"https:\/\/mocro-store.com\/de\/wp-json\/wp\/v2\/media\/5848"}],"wp:attachment":[{"href":"https:\/\/mocro-store.com\/de\/wp-json\/wp\/v2\/media?parent=5876"}],"wp:term":[{"taxonomy":"product_brand","embeddable":true,"href":"https:\/\/mocro-store.com\/de\/wp-json\/wp\/v2\/product_brand?post=5876"},{"taxonomy":"product_cat","embeddable":true,"href":"https:\/\/mocro-store.com\/de\/wp-json\/wp\/v2\/product_cat?post=5876"},{"taxonomy":"product_tag","embeddable":true,"href":"https:\/\/mocro-store.com\/de\/wp-json\/wp\/v2\/product_tag?post=5876"}],"curies":[{"name":"wp","href":"https:\/\/api.w.org\/{rel}","templated":true}]}}