{"id":4497,"date":"2024-07-01T16:36:47","date_gmt":"2024-07-01T14:36:47","guid":{"rendered":"https:\/\/mocro-store.com\/condizioni-di-consegna\/"},"modified":"2025-05-08T12:19:57","modified_gmt":"2025-05-08T10:19:57","slug":"condizioni-di-consegna","status":"publish","type":"page","link":"https:\/\/mocro-store.com\/it\/condizioni-di-consegna\/","title":{"rendered":"Condizioni di consegna"},"content":{"rendered":"<section class=\"bde-section-4497-100 bde-section\">\n  \n  \n\t\n\n\n\n<div class=\"section-container\"><h4 class=\"bde-heading-4497-101 bde-heading\">\nTermini di consegna\n<\/h4><div class=\"bde-rich-text-4497-102 bde-rich-text breakdance-rich-text-styles\">\n<p>CROAZIA \u2013 Tutte le spedizioni in Croazia vengono effettuate con il servizio di consegna pi\u00f9 veloce e affidabile in Croazia: GLS. Consegna entro 1-3 giorni lavorativi con servizio di consegna GLS, ad eccezione di alcune isole e localit\u00e0 pi\u00f9 piccole elencate di seguito. Quindi la consegna pu\u00f2 richiedere fino a 10 giorni. In Croazia la consegna \u00e8 gratuita per ordini superiori a 100 EUR.<\/p>\n<p>SPEDIZIONE INTERNAZIONALE: la spedizione \u00e8 sempre a pagamento, indipendentemente dal valore dell'ordine. Il prezzo della spedizione internazionale varia a seconda del Paese in cui viene spedito il pacco e varia da 10 EUR a 20 EUR. Consegna entro 5-7 giorni lavorativi se spedito con GLS.<\/p>\n<p>Per le spedizioni effettuate tramite GLS: nella maggior parte dei casi, se l'ordine viene effettuato entro le 12:00 di un giorno lavorativo, la spedizione avverr\u00e0 lo stesso giorno e la consegna avverr\u00e0 il giorno lavorativo successivo. Se il pacco viene ordinato dopo le 12:00, verr\u00e0 spedito il giorno lavorativo successivo e la consegna avverr\u00e0 il giorno lavorativo successivo. I tempi di consegna per le isole sono prolungati di alcuni giorni, a seconda dell'isola.<\/p>\n<p>Di nuovo, tieni presente che questo sar\u00e0 il caso nella maggior parte dei casi, ma non deve essere la regola. Durante i periodi di grandi sconti, promozioni, festivit\u00e0 o simili, potresti dover attendere qualche giorno in pi\u00f9 prima che il tuo pacco venga spedito e consegnato.<\/p>\n<p>Tutti gli ordini vengono spediti con un numero di tracciamento per garantire che la spedizione venga ricevuta in tutta sicurezza; pertanto \u00e8 richiesta la firma del destinatario al momento della consegna. Una volta spedito il pacco, riceverai un'e-mail con un link di tracciamento.<\/p>\n<p>I giorni lavorativi sono dal luned\u00ec al venerd\u00ec, esclusi i giorni festivi e i fine settimana. I tempi di consegna per le isole sono pi\u00f9 lunghi di qualche giorno lavorativo. I tempi di consegna sopra indicati sono stabiliti dal corriere\/servizio di consegna, pertanto non vi \u00e8 alcuna garanzia che la spedizione verr\u00e0 consegnata in tempo.<\/p>\n<p>Assicurati che l'indirizzo di spedizione fornito durante la procedura d'ordine sia corretto e completo e che tu non rifiuti la consegna n\u00e9 accetti la spedizione. In caso di indirizzo errato o non corretto o di consegna rifiutata, le spese postali e di restituzione saranno dedotte dall'eventuale rimborso che ti dobbiamo. Il ritiro di persona non \u00e8 possibile, tutti gli ordini per la Croazia vengono spediti dal magazzino di Zagabria direttamente all'indirizzo del destinatario.<\/p>\n<p>Per i seguenti codici postali verr\u00e0 addebitata una tariffa di consegna speciale:<\/p>\n<p>Si prega di notare che i tempi di consegna per queste localit\u00e0 potrebbero essere prolungati di alcuni giorni lavorativi. <\/p>\n<p>\u00a0<\/p>\n<p>20226 Babine Ku\u0107e\u00a0<\/p>\n<p>20225 Babino Polje<\/p>\n<p>20225 Blato<\/p>\n<p>23286 Bo\u017eava<\/p>\n<p>23285 Brbinj<\/p>\n<p>23292 Brgulje<\/p>\n<p>21430 Donje Selo<\/p>\n<p>23286 Dragove<\/p>\n<p>21225 Drvenik Mali<\/p>\n<p>21225 Drvenik Veliki<\/p>\n<p>20290 Glavat<\/p>\n<p>21432 Gornje selo<\/p>\n<p>20226 Govedjari<\/p>\n<p>21430 Grohote<\/p>\n<p>51552 Ilovik<\/p>\n<p>23293 Ist<\/p>\n<p>22235 Kaprije<\/p>\n<p>20221 Kolocep<\/p>\n<p>20224 Korita<\/p>\n<p>20225 Kozarica<\/p>\n<p>20290 Lastovo<\/p>\n<p>20222 Lopud<\/p>\n<p>23282 Luka<\/p>\n<p>23284 Mali I\u017e<\/p>\n<p>20224 Maranovi\u0107i<\/p>\n<p>21430 Maslinica<\/p>\n<p>23292 Molat<\/p>\n<p>21432 Necujam<\/p>\n<p>20226 Njivice<\/p>\n<p>20224 Okuklje<\/p>\n<\/div><\/div>\n<\/section>","protected":false},"excerpt":{"rendered":"<p>Termini di consegna CROAZIA \u2013 Tutte le spedizioni in Croazia vengono effettuate con il servizio di consegna pi\u00f9 veloce e affidabile in Croazia: GLS. Consegna entro 1-3 giorni lavorativi con servizio di consegna GLS, ad eccezione di alcune isole e localit\u00e0 pi\u00f9 piccole elencate di seguito. Quindi la consegna pu\u00f2 richiedere fino a 10 giorni. [&hellip;]<\/p>\n","protected":false},"author":1,"featured_media":0,"parent":0,"menu_order":0,"comment_status":"closed","ping_status":"closed","template":"","meta":{"_breakdance_hide_in_design_set":false,"_breakdance_tags":"","footnotes":""},"class_list":["post-4497","page","type-page","status-publish","hentry"],"yoast_head":"<!-- This site is optimized with the Yoast SEO plugin v27.4 - https:\/\/yoast.com\/product\/yoast-seo-wordpress\/ -->\n<title>Condizioni di consegna | Mocro Fashion Shop<\/title>\n<meta name=\"description\" content=\"Najbolji \u017eenski kupa\u0107i kostimi za ovo ljeto-iskoristite 15% popusta\" \/>\n<meta name=\"robots\" content=\"index, follow, max-snippet:-1, max-image-preview:large, max-video-preview:-1\" \/>\n<link rel=\"canonical\" href=\"https:\/\/mocro-store.com\/it\/condizioni-di-consegna\/\" \/>\n<meta property=\"og:locale\" content=\"it_IT\" \/>\n<meta property=\"og:type\" content=\"article\" \/>\n<meta property=\"og:title\" content=\"Condizioni di consegna | Mocro Fashion Shop\" \/>\n<meta property=\"og:description\" content=\"Najbolji \u017eenski kupa\u0107i kostimi za ovo ljeto-iskoristite 15% popusta\" \/>\n<meta property=\"og:url\" content=\"https:\/\/mocro-store.com\/it\/condizioni-di-consegna\/\" \/>\n<meta property=\"og:site_name\" content=\"Mocro Fashion Shop\" \/>\n<meta property=\"article:publisher\" content=\"https:\/\/web.facebook.com\/people\/Mocro-Store\/61560980061722\/\" \/>\n<meta property=\"article:modified_time\" content=\"2025-05-08T10:19:57+00:00\" \/>\n<meta property=\"og:image\" content=\"https:\/\/mocro-store.com\/wp-content\/uploads\/2024\/07\/Snimka-zaslona_17-7-2024_183519_.jpeg\" \/>\n\t<meta property=\"og:image:width\" content=\"1318\" \/>\n\t<meta property=\"og:image:height\" content=\"649\" \/>\n\t<meta property=\"og:image:type\" content=\"image\/jpeg\" \/>\n<meta name=\"twitter:card\" content=\"summary_large_image\" \/>\n<script type=\"application\/ld+json\" class=\"yoast-schema-graph\">{\"@context\":\"https:\\\/\\\/schema.org\",\"@graph\":[{\"@type\":\"AdvertiserContentArticle\",\"@id\":\"https:\\\/\\\/mocro-store.com\\\/it\\\/condizioni-di-consegna\\\/#article\",\"isPartOf\":{\"@id\":\"https:\\\/\\\/mocro-store.com\\\/it\\\/condizioni-di-consegna\\\/\"},\"author\":{\"name\":\"Branko\",\"@id\":\"https:\\\/\\\/mocro-store.com\\\/it\\\/#\\\/schema\\\/person\\\/bd96a827a94c5b07beb0f5a2cfc1aba7\"},\"headline\":\"Condizioni di consegna\",\"datePublished\":\"2024-07-01T14:36:47+00:00\",\"dateModified\":\"2025-05-08T10:19:57+00:00\",\"mainEntityOfPage\":{\"@id\":\"https:\\\/\\\/mocro-store.com\\\/it\\\/condizioni-di-consegna\\\/\"},\"wordCount\":3,\"publisher\":{\"@id\":\"https:\\\/\\\/mocro-store.com\\\/it\\\/#organization\"},\"inLanguage\":\"it-IT\"},{\"@type\":\"WebPage\",\"@id\":\"https:\\\/\\\/mocro-store.com\\\/it\\\/condizioni-di-consegna\\\/\",\"url\":\"https:\\\/\\\/mocro-store.com\\\/it\\\/condizioni-di-consegna\\\/\",\"name\":\"Condizioni di consegna | Mocro Fashion Shop\",\"isPartOf\":{\"@id\":\"https:\\\/\\\/mocro-store.com\\\/it\\\/#website\"},\"datePublished\":\"2024-07-01T14:36:47+00:00\",\"dateModified\":\"2025-05-08T10:19:57+00:00\",\"description\":\"Najbolji \u017eenski kupa\u0107i kostimi za ovo ljeto-iskoristite 15% popusta\",\"breadcrumb\":{\"@id\":\"https:\\\/\\\/mocro-store.com\\\/it\\\/condizioni-di-consegna\\\/#breadcrumb\"},\"inLanguage\":\"it-IT\",\"potentialAction\":[{\"@type\":\"ReadAction\",\"target\":[\"https:\\\/\\\/mocro-store.com\\\/it\\\/condizioni-di-consegna\\\/\"]}]},{\"@type\":\"BreadcrumbList\",\"@id\":\"https:\\\/\\\/mocro-store.com\\\/it\\\/condizioni-di-consegna\\\/#breadcrumb\",\"itemListElement\":[{\"@type\":\"ListItem\",\"position\":1,\"name\":\"Po\u010detna stranica\",\"item\":\"https:\\\/\\\/mocro-store.com\\\/it\\\/casa\\\/\"},{\"@type\":\"ListItem\",\"position\":2,\"name\":\"Condizioni di consegna\"}]},{\"@type\":\"WebSite\",\"@id\":\"https:\\\/\\\/mocro-store.com\\\/it\\\/#website\",\"url\":\"https:\\\/\\\/mocro-store.com\\\/it\\\/\",\"name\":\"Mocro Fashion Store\",\"description\":\"Najbolji kupa\u0107i kostimi za ovo ljeto\",\"publisher\":{\"@id\":\"https:\\\/\\\/mocro-store.com\\\/it\\\/#organization\"},\"alternateName\":\"Mocro\",\"potentialAction\":[{\"@type\":\"SearchAction\",\"target\":{\"@type\":\"EntryPoint\",\"urlTemplate\":\"https:\\\/\\\/mocro-store.com\\\/it\\\/?s={search_term_string}\"},\"query-input\":{\"@type\":\"PropertyValueSpecification\",\"valueRequired\":true,\"valueName\":\"search_term_string\"}}],\"inLanguage\":\"it-IT\"},{\"@type\":\"Organization\",\"@id\":\"https:\\\/\\\/mocro-store.com\\\/it\\\/#organization\",\"name\":\"Mocro Fashion Shop\",\"alternateName\":\"Mocro\",\"url\":\"https:\\\/\\\/mocro-store.com\\\/it\\\/\",\"logo\":{\"@type\":\"ImageObject\",\"inLanguage\":\"it-IT\",\"@id\":\"https:\\\/\\\/mocro-store.com\\\/it\\\/#\\\/schema\\\/logo\\\/image\\\/\",\"url\":\"https:\\\/\\\/mocro-store.com\\\/wp-content\\\/uploads\\\/2024\\\/07\\\/Snimka-zaslona_17-7-2024_183519_.jpeg\",\"contentUrl\":\"https:\\\/\\\/mocro-store.com\\\/wp-content\\\/uploads\\\/2024\\\/07\\\/Snimka-zaslona_17-7-2024_183519_.jpeg\",\"width\":1318,\"height\":649,\"caption\":\"Mocro Fashion Shop\"},\"image\":{\"@id\":\"https:\\\/\\\/mocro-store.com\\\/it\\\/#\\\/schema\\\/logo\\\/image\\\/\"},\"sameAs\":[\"https:\\\/\\\/web.facebook.com\\\/people\\\/Mocro-Store\\\/61560980061722\\\/\",\"https:\\\/\\\/www.instagram.com\\\/mocro_store_official?igsh=bTljZW9kc2Y1YWx3\",\"https:\\\/\\\/pin.it\\\/4p6hR3Q8H\"]},{\"@type\":\"Person\",\"@id\":\"https:\\\/\\\/mocro-store.com\\\/it\\\/#\\\/schema\\\/person\\\/bd96a827a94c5b07beb0f5a2cfc1aba7\",\"name\":\"Branko\",\"image\":{\"@type\":\"ImageObject\",\"inLanguage\":\"it-IT\",\"@id\":\"https:\\\/\\\/secure.gravatar.com\\\/avatar\\\/500b9326b9529841b8cba06b2dc5a66574cb928895c58e0675c13411bdb9b129?s=96&d=mm&r=g\",\"url\":\"https:\\\/\\\/secure.gravatar.com\\\/avatar\\\/500b9326b9529841b8cba06b2dc5a66574cb928895c58e0675c13411bdb9b129?s=96&d=mm&r=g\",\"contentUrl\":\"https:\\\/\\\/secure.gravatar.com\\\/avatar\\\/500b9326b9529841b8cba06b2dc5a66574cb928895c58e0675c13411bdb9b129?s=96&d=mm&r=g\",\"caption\":\"Branko\"},\"sameAs\":[\"https:\\\/\\\/mocro-store.com\"]}]}<\/script>\n<!-- \/ Yoast SEO plugin. -->","yoast_head_json":{"title":"Condizioni di consegna | Mocro Fashion Shop","description":"Najbolji \u017eenski kupa\u0107i kostimi za ovo ljeto-iskoristite 15% popusta","robots":{"index":"index","follow":"follow","max-snippet":"max-snippet:-1","max-image-preview":"max-image-preview:large","max-video-preview":"max-video-preview:-1"},"canonical":"https:\/\/mocro-store.com\/it\/condizioni-di-consegna\/","og_locale":"it_IT","og_type":"article","og_title":"Condizioni di consegna | Mocro Fashion Shop","og_description":"Najbolji \u017eenski kupa\u0107i kostimi za ovo ljeto-iskoristite 15% popusta","og_url":"https:\/\/mocro-store.com\/it\/condizioni-di-consegna\/","og_site_name":"Mocro Fashion Shop","article_publisher":"https:\/\/web.facebook.com\/people\/Mocro-Store\/61560980061722\/","article_modified_time":"2025-05-08T10:19:57+00:00","og_image":[{"width":1318,"height":649,"url":"https:\/\/mocro-store.com\/wp-content\/uploads\/2024\/07\/Snimka-zaslona_17-7-2024_183519_.jpeg","type":"image\/jpeg"}],"twitter_card":"summary_large_image","schema":{"@context":"https:\/\/schema.org","@graph":[{"@type":"AdvertiserContentArticle","@id":"https:\/\/mocro-store.com\/it\/condizioni-di-consegna\/#article","isPartOf":{"@id":"https:\/\/mocro-store.com\/it\/condizioni-di-consegna\/"},"author":{"name":"Branko","@id":"https:\/\/mocro-store.com\/it\/#\/schema\/person\/bd96a827a94c5b07beb0f5a2cfc1aba7"},"headline":"Condizioni di consegna","datePublished":"2024-07-01T14:36:47+00:00","dateModified":"2025-05-08T10:19:57+00:00","mainEntityOfPage":{"@id":"https:\/\/mocro-store.com\/it\/condizioni-di-consegna\/"},"wordCount":3,"publisher":{"@id":"https:\/\/mocro-store.com\/it\/#organization"},"inLanguage":"it-IT"},{"@type":"WebPage","@id":"https:\/\/mocro-store.com\/it\/condizioni-di-consegna\/","url":"https:\/\/mocro-store.com\/it\/condizioni-di-consegna\/","name":"Condizioni di consegna | Mocro Fashion Shop","isPartOf":{"@id":"https:\/\/mocro-store.com\/it\/#website"},"datePublished":"2024-07-01T14:36:47+00:00","dateModified":"2025-05-08T10:19:57+00:00","description":"Najbolji \u017eenski kupa\u0107i kostimi za ovo ljeto-iskoristite 15% popusta","breadcrumb":{"@id":"https:\/\/mocro-store.com\/it\/condizioni-di-consegna\/#breadcrumb"},"inLanguage":"it-IT","potentialAction":[{"@type":"ReadAction","target":["https:\/\/mocro-store.com\/it\/condizioni-di-consegna\/"]}]},{"@type":"BreadcrumbList","@id":"https:\/\/mocro-store.com\/it\/condizioni-di-consegna\/#breadcrumb","itemListElement":[{"@type":"ListItem","position":1,"name":"Po\u010detna stranica","item":"https:\/\/mocro-store.com\/it\/casa\/"},{"@type":"ListItem","position":2,"name":"Condizioni di consegna"}]},{"@type":"WebSite","@id":"https:\/\/mocro-store.com\/it\/#website","url":"https:\/\/mocro-store.com\/it\/","name":"Mocro Fashion Store","description":"Najbolji kupa\u0107i kostimi za ovo ljeto","publisher":{"@id":"https:\/\/mocro-store.com\/it\/#organization"},"alternateName":"Mocro","potentialAction":[{"@type":"SearchAction","target":{"@type":"EntryPoint","urlTemplate":"https:\/\/mocro-store.com\/it\/?s={search_term_string}"},"query-input":{"@type":"PropertyValueSpecification","valueRequired":true,"valueName":"search_term_string"}}],"inLanguage":"it-IT"},{"@type":"Organization","@id":"https:\/\/mocro-store.com\/it\/#organization","name":"Mocro Fashion Shop","alternateName":"Mocro","url":"https:\/\/mocro-store.com\/it\/","logo":{"@type":"ImageObject","inLanguage":"it-IT","@id":"https:\/\/mocro-store.com\/it\/#\/schema\/logo\/image\/","url":"https:\/\/mocro-store.com\/wp-content\/uploads\/2024\/07\/Snimka-zaslona_17-7-2024_183519_.jpeg","contentUrl":"https:\/\/mocro-store.com\/wp-content\/uploads\/2024\/07\/Snimka-zaslona_17-7-2024_183519_.jpeg","width":1318,"height":649,"caption":"Mocro Fashion Shop"},"image":{"@id":"https:\/\/mocro-store.com\/it\/#\/schema\/logo\/image\/"},"sameAs":["https:\/\/web.facebook.com\/people\/Mocro-Store\/61560980061722\/","https:\/\/www.instagram.com\/mocro_store_official?igsh=bTljZW9kc2Y1YWx3","https:\/\/pin.it\/4p6hR3Q8H"]},{"@type":"Person","@id":"https:\/\/mocro-store.com\/it\/#\/schema\/person\/bd96a827a94c5b07beb0f5a2cfc1aba7","name":"Branko","image":{"@type":"ImageObject","inLanguage":"it-IT","@id":"https:\/\/secure.gravatar.com\/avatar\/500b9326b9529841b8cba06b2dc5a66574cb928895c58e0675c13411bdb9b129?s=96&d=mm&r=g","url":"https:\/\/secure.gravatar.com\/avatar\/500b9326b9529841b8cba06b2dc5a66574cb928895c58e0675c13411bdb9b129?s=96&d=mm&r=g","contentUrl":"https:\/\/secure.gravatar.com\/avatar\/500b9326b9529841b8cba06b2dc5a66574cb928895c58e0675c13411bdb9b129?s=96&d=mm&r=g","caption":"Branko"},"sameAs":["https:\/\/mocro-store.com"]}]}},"_links":{"self":[{"href":"https:\/\/mocro-store.com\/it\/wp-json\/wp\/v2\/pages\/4497","targetHints":{"allow":["GET"]}}],"collection":[{"href":"https:\/\/mocro-store.com\/it\/wp-json\/wp\/v2\/pages"}],"about":[{"href":"https:\/\/mocro-store.com\/it\/wp-json\/wp\/v2\/types\/page"}],"author":[{"embeddable":true,"href":"https:\/\/mocro-store.com\/it\/wp-json\/wp\/v2\/users\/1"}],"replies":[{"embeddable":true,"href":"https:\/\/mocro-store.com\/it\/wp-json\/wp\/v2\/comments?post=4497"}],"version-history":[{"count":0,"href":"https:\/\/mocro-store.com\/it\/wp-json\/wp\/v2\/pages\/4497\/revisions"}],"wp:attachment":[{"href":"https:\/\/mocro-store.com\/it\/wp-json\/wp\/v2\/media?parent=4497"}],"curies":[{"name":"wp","href":"https:\/\/api.w.org\/{rel}","templated":true}]}}